{"id":8208,"date":"2018-01-23T06:17:06","date_gmt":"2018-01-23T05:17:06","guid":{"rendered":"http:\/\/demo3.wpopal.com\/royanwine\/?page_id=8208"},"modified":"2026-04-09T08:32:18","modified_gmt":"2026-04-09T06:32:18","slug":"home-2","status":"publish","type":"page","link":"https:\/\/embouteillage-dumas.fr\/","title":{"rendered":"Accueil"},"content":{"rendered":"\n<p>[vc_row css=\u00a0\u00bb.vc_custom_1530870249512{margin-top: -30px !important;margin-bottom: -70px !important;}\u00a0\u00bb][vc_column][rev_slider_vc alias=\u00a0\u00bbslider-02&Prime;][\/vc_column][\/vc_row][vc_row full_width=\u00a0\u00bbstretch_row_content_no_spaces\u00a0\u00bb isfullwidth=\u00a0\u00bb0&Prime; bg_position=\u00a0\u00bbright-bottom\u00a0\u00bb css=\u00a0\u00bb.vc_custom_1530867611225{background-image: url(https:\/\/embouteillage-dumas.fr\/wp-content\/uploads\/2018\/01\/bg-06.png?id=8102) !important;background-position: 0 0 !important;background-repeat: no-repeat !important;}\u00a0\u00bb][vc_column][vc_row_inner equal_height=\u00a0\u00bbyes\u00a0\u00bb bg_position=\u00a0\u00bbcenter-bottom\u00a0\u00bb css=\u00a0\u00bb.vc_custom_1516690655798{background-position: 0 0 !important;background-repeat: no-repeat !important;}\u00a0\u00bb][vc_column_inner width=\u00a0\u00bb1\/3&Prime;][vc_empty_space height=\u00a0\u00bb70px\u00a0\u00bb el_class=\u00a0\u00bbempty-space-lg-max\u00a0\u00bb][vc_single_image image=\u00a0\u00bb9375&Prime; img_size=\u00a0\u00bbfull\u00a0\u00bb][\/vc_column_inner][vc_column_inner el_class=\u00a0\u00bbspace-padding-s2&Prime; width=\u00a0\u00bb2\/3&Prime; bg_position=\u00a0\u00bbcenter-bottom\u00a0\u00bb css=\u00a0\u00bb.vc_custom_1518073681020{padding-top: 50px !important;padding-bottom: 50px !important;}\u00a0\u00bb][vc_empty_space height=\u00a0\u00bb20px\u00a0\u00bb el_class=\u00a0\u00bbempty-space-lg-max\u00a0\u00bb][pbr_title_heading title=\u00a0\u00bbFiltration et mise en bouteille \u00e0 la propri\u00e9t\u00e9 depuis 1976&Prime; alignment=\u00a0\u00bbtext-left\u00a0\u00bb][pbr_title_heading title=\u00a0\u00bb\u00a0\u00bb subtitle=\u00a0\u00bbPr\u00e8s de 50 ans en \u0153nologie, conseil en suivi et \u00e9levage des vins, de d\u00e9gustations sur les vins du Beaujolais, Bourgogne, Vall\u00e9e du Rh\u00f4ne septentrionale, nous permettent de vous apporter un v\u00e9ritable savoir-faire.\u00a0\u00bb alignment=\u00a0\u00bbtext-left\u00a0\u00bb][\/vc_column_inner][\/vc_row_inner][\/vc_column][\/vc_row]<\/p>\n\n\n\n<div class=\"is-layout-constrained wp-block-group\"><div class=\"wp-block-group__inner-container\"><p>[vc_row css=\u00a0\u00bb.vc_custom_1518059288242{padding-top: 60px !important;padding-bottom: 60px !important;background-image: url(https:\/\/embouteillage-dumas.fr\/wp-content\/uploads\/2018\/01\/pattern-01.png?id=7949) !important;background-position: 0 0 !important;background-repeat: repeat !important;}\u00a0\u00bb][vc_column][vc_empty_space height=\u00a0\u00bb10px\u00a0\u00bb el_class=\u00a0\u00bbempty-space-sm-max\u00a0\u00bb][vc_row_inner css=\u00a0\u00bb.vc_custom_1536605023082{background-color: #ffffff !important;}\u00a0\u00bb][vc_column_inner][vc_column_text]<\/p>\n<h3>NOS POINTS FORTS<\/h3>\n<p>[\/vc_column_text][\/vc_column_inner][\/vc_row_inner][vc_separator color=\u00a0\u00bbcustom\u00a0\u00bb align=\u00a0\u00bbalign_left\u00a0\u00bb accent_color=\u00a0\u00bb#214397&Prime;][vc_row_inner css=\u00a0\u00bb.vc_custom_1536605335022{margin-top: -35px !important;padding-top: 20px !important;padding-right: 50px !important;padding-bottom: 10px !important;padding-left: 80px !important;background-color: #ffffff !important;}\u00a0\u00bb][vc_column_inner width=\u00a0\u00bb1\/4&Prime;][pbr_featuredbox title=\u00a0\u00bbAdaptabilit\u00e9 aux diff\u00e9rentes demandes (type de vins et bouchons, formats, installations&#8230;)\u00a0\u00bb style=\u00a0\u00bbv4&Prime; icon=\u00a0\u00bblexus-icon-grapes\u00a0\u00bb information=\u00a0\u00bb\u00a0\u00bb color=\u00a0\u00bb#777777&Prime;][\/vc_column_inner][vc_column_inner width=\u00a0\u00bb1\/12&Prime;][vc_separator color=\u00a0\u00bbcustom\u00a0\u00bb align=\u00a0\u00bbalign_left\u00a0\u00bb accent_color=\u00a0\u00bb#e5e5e5&Prime; css=\u00a0\u00bb.vc_custom_1516331778897{margin-top: 25px !important;}\u00a0\u00bb][\/vc_column_inner][vc_column_inner width=\u00a0\u00bb1\/4&Prime;][pbr_featuredbox title=\u00a0\u00bbUne expertise de la filtration et de la mise en bouteille des vins tranquilles\u00a0\u00bb style=\u00a0\u00bbv4&Prime; icon=\u00a0\u00bblexus-icon-glass\u00a0\u00bb information=\u00a0\u00bb\u00a0\u00bb][\/vc_column_inner][vc_column_inner width=\u00a0\u00bb1\/12&Prime;][vc_separator color=\u00a0\u00bbcustom\u00a0\u00bb align=\u00a0\u00bbalign_left\u00a0\u00bb accent_color=\u00a0\u00bb#e5e5e5&Prime; css=\u00a0\u00bb.vc_custom_1516331778897{margin-top: 25px !important;}\u00a0\u00bb][\/vc_column_inner][vc_column_inner width=\u00a0\u00bb1\/4&Prime;][pbr_featuredbox title=\u00a0\u00bbMat\u00e9riel r\u00e9cent, technique et adapt\u00e9\u00a0\u00bb style=\u00a0\u00bbv4&Prime; icon=\u00a0\u00bblexus-icon-car \u00a0\u00bb information=\u00a0\u00bb\u00a0\u00bb][\/vc_column_inner][\/vc_row_inner][vc_row_inner css=\u00a0\u00bb.vc_custom_1536605240433{padding-top: 10px !important;padding-right: 50px !important;padding-bottom: 50px !important;padding-left: 50px !important;background-color: #ffffff !important;}\u00a0\u00bb][vc_column_inner width=\u00a0\u00bb1\/4&Prime; css=\u00a0\u00bb.vc_custom_1531402183060{margin-top: 30px !important;}\u00a0\u00bb][\/vc_column_inner][vc_column_inner width=\u00a0\u00bb1\/2&Prime;][pbr_featuredbox title=\u00a0\u00bbEntreprise certifi\u00e9e ECOCERT (pour les vins issus de l&rsquo;agriculture biologique) et HACCP\u00a0\u00bb subtitle=\u00a0\u00bbUne \u00e9quipe exp\u00e9riment\u00e9e, un oenologue \u00e0 temps plein\u00a0\u00bb style=\u00a0\u00bbv4&Prime; icon=\u00a0\u00bb\u00a0\u00bb photo=\u00a0\u00bb9299&Prime; information=\u00a0\u00bb\u00a0\u00bb][\/vc_column_inner][vc_column_inner width=\u00a0\u00bb1\/4&Prime; css=\u00a0\u00bb.vc_custom_1531402188856{margin-top: 30px !important;}\u00a0\u00bb][\/vc_column_inner][\/vc_row_inner][vc_separator color=\u00a0\u00bbcustom\u00a0\u00bb accent_color=\u00a0\u00bb#cecece\u00a0\u00bb][vc_empty_space height=\u00a0\u00bb90px\u00a0\u00bb el_class=\u00a0\u00bbempty-space-sm-max\u00a0\u00bb][vc_row_inner equal_height=\u00a0\u00bbyes\u00a0\u00bb][vc_column_inner el_class=\u00a0\u00bbtext-center hover-box-2&Prime; width=\u00a0\u00bb1\/2&Prime; css=\u00a0\u00bb.vc_custom_1516763068942{padding-right: 0px !important;padding-left: 0px !important;}\u00a0\u00bb][pbr_banner_effect title=\u00a0\u00bbFiltration Tangentielle\u00a0\u00bb title_align=\u00a0\u00bbseparator_align_center\u00a0\u00bb background=\u00a0\u00bbbg-secondary\u00a0\u00bb photo=\u00a0\u00bb9549&Prime; button_text=\u00a0\u00bbD\u00c9COUVRIR\u00a0\u00bb link=\u00a0\u00bburl:https%3A%2F%2Fembouteillage-dumas.fr%2Findex.php%2Fsavoir-faire%2F%23tang|||\u00a0\u00bb title_color=\u00a0\u00bb\u00a0\u00bb][\/vc_column_inner][vc_column_inner width=\u00a0\u00bb1\/2&Prime; css=\u00a0\u00bb.vc_custom_1516763073652{padding-right: 0px !important;padding-left: 0px !important;}\u00a0\u00bb][pbr_banner_effect title=\u00a0\u00bbFiltration Kielselghur\u00a0\u00bb title_align=\u00a0\u00bbseparator_align_center\u00a0\u00bb background=\u00a0\u00bbbg-secondary\u00a0\u00bb photo=\u00a0\u00bb9427&Prime; button_text=\u00a0\u00bbD\u00c9COUVRIR\u00a0\u00bb link=\u00a0\u00bburl:https%3A%2F%2Fembouteillage-dumas.fr%2Findex.php%2Fsavoir-faire%2F%23kiel|||\u00a0\u00bb title_color=\u00a0\u00bb\u00a0\u00bb][\/vc_column_inner][\/vc_row_inner][vc_row_inner equal_height=\u00a0\u00bbyes\u00a0\u00bb][vc_column_inner el_class=\u00a0\u00bbtext-center hover-box-2&Prime; width=\u00a0\u00bb1\/2&Prime; css=\u00a0\u00bb.vc_custom_1516763068942{padding-right: 0px !important;padding-left: 0px !important;}\u00a0\u00bb][pbr_banner_effect title=\u00a0\u00bbMise en bouteille\u00a0\u00bb title_align=\u00a0\u00bbseparator_align_center\u00a0\u00bb background=\u00a0\u00bbbg-secondary\u00a0\u00bb photo=\u00a0\u00bb9373&Prime; style=\u00a0\u00bbbanner-reverse\u00a0\u00bb button_text=\u00a0\u00bbD\u00c9COUVRIR\u00a0\u00bb link=\u00a0\u00bburl:https%3A%2F%2Fembouteillage-dumas.fr%2Findex.php%2Fsavoir-faire%2F%23meb|||\u00a0\u00bb title_color=\u00a0\u00bb\u00a0\u00bb][\/vc_column_inner][vc_column_inner width=\u00a0\u00bb1\/2&Prime; css=\u00a0\u00bb.vc_custom_1516763073652{padding-right: 0px !important;padding-left: 0px !important;}\u00a0\u00bb][pbr_banner_effect title=\u00a0\u00bbLaboratoire d\u2019analyse int\u00e9gr\u00e9\u00a0\u00bb title_align=\u00a0\u00bbseparator_align_center\u00a0\u00bb background=\u00a0\u00bbbg-secondary\u00a0\u00bb photo=\u00a0\u00bb9555&Prime; style=\u00a0\u00bbbanner-reverse\u00a0\u00bb button_text=\u00a0\u00bbD\u00c9COUVRIR\u00a0\u00bb link=\u00a0\u00bburl:https%3A%2F%2Fembouteillage-dumas.fr%2Findex.php%2Fsavoir-faire%2F%23labo|||\u00a0\u00bb title_color=\u00a0\u00bb\u00a0\u00bb][\/vc_column_inner][\/vc_row_inner][vc_row_inner equal_height=\u00a0\u00bbyes\u00a0\u00bb][vc_column_inner el_class=\u00a0\u00bbtext-center hover-box-2&Prime; width=\u00a0\u00bb1\/2&Prime; css=\u00a0\u00bb.vc_custom_1516763068942{padding-right: 0px !important;padding-left: 0px !important;}\u00a0\u00bb][\/vc_column_inner][vc_column_inner width=\u00a0\u00bb1\/2&Prime; css=\u00a0\u00bb.vc_custom_1516763073652{padding-right: 0px !important;padding-left: 0px !important;}\u00a0\u00bb][\/vc_column_inner][\/vc_row_inner][vc_empty_space height=\u00a0\u00bb90px\u00a0\u00bb el_class=\u00a0\u00bbempty-space-sm-max\u00a0\u00bb][vc_row_inner][vc_column_inner][vc_column_text css=\u00a0\u00bb.vc_custom_1536919862162{padding-right: 100px !important;padding-left: 100px !important;}\u00a0\u00bb]<\/p>\n<h5><span style=\"font-size: 40px;\">\u201c<\/span> Je suis passionn\u00e9 par la vigne et les vins. J\u2019exerce le m\u00e9tier d\u2019\u0153nologue depuis plus de 35 ans, d\u2019abord dans la production en France et \u00e0 l\u2019\u00e9tranger puis comme fournisseur du milieu viti-vinicole.<\/h5>\n<h5>Nous garantissons \u00e0 nos clients : proximit\u00e9, service, expertise, professionnalisme, r\u00e9activit\u00e9 et ma\u00eetrise du process. <span style=\"font-size: 40px;\">\u201d<\/span><\/h5>\n<h5 style=\"text-align: right;\"><em><span class=\"s5\">Thibaut <\/span><span class=\"s5\">Segond<\/span><\/em><br \/>\n<em><span class=\"s5\">\u0152nologue<\/span><\/em><\/h5>\n<p>[\/vc_column_text][vc_empty_space height=\u00a0\u00bb50px\u00a0\u00bb el_class=\u00a0\u00bbempty-space-sm-max\u00a0\u00bb][\/vc_column_inner][\/vc_row_inner][\/vc_column][\/vc_row]<\/p>\n<\/div><\/div>\n\n\n\n<p>[vc_row css=\u00a0\u00bb.vc_custom_1536586071581{padding-top: 100px !important;}\u00a0\u00bb][vc_column][rev_slider_vc alias=\u00a0\u00bbslider-03&Prime;][\/vc_column][\/vc_row]<\/p>\n","protected":false},"excerpt":{"rendered":"<p>[vc_row css=\u00a0\u00bb.vc_custom_1530870249512{margin-top: -30px !important;margin-bottom: -70px !important;}\u00a0\u00bb][vc_column][rev_slider_vc alias=\u00a0\u00bbslider-02&Prime;][\/vc_column][\/vc_row][vc_row full_width=\u00a0\u00bbstretch_row_content_no_spaces\u00a0\u00bb isfullwidth=\u00a0\u00bb0&Prime; bg_position=\u00a0\u00bbright-bottom\u00a0\u00bb css=\u00a0\u00bb.vc_custom_1530867611225{background-image: url(https:\/\/embouteillage-dumas.fr\/wp-content\/uploads\/2018\/01\/bg-06.png?id=8102) !important;background-position: 0 0 !important;background-repeat: no-repeat !important;}\u00a0\u00bb][vc_column][vc_row_inner equal_height=\u00a0\u00bbyes\u00a0\u00bb bg_position=\u00a0\u00bbcenter-bottom\u00a0\u00bb css=\u00a0\u00bb.vc_custom_1516690655798{background-position: 0 0 !important;background-repeat: no-repeat !important;}\u00a0\u00bb][vc_column_inner width=\u00a0\u00bb1\/3&Prime;][vc_empty_space height=\u00a0\u00bb70px\u00a0\u00bb el_class=\u00a0\u00bbempty-space-lg-max\u00a0\u00bb][vc_single_image image=\u00a0\u00bb9375&Prime; img_size=\u00a0\u00bbfull\u00a0\u00bb][\/vc_column_inner][vc_column_inner el_class=\u00a0\u00bbspace-padding-s2&Prime; width=\u00a0\u00bb2\/3&Prime; bg_position=\u00a0\u00bbcenter-bottom\u00a0\u00bb css=\u00a0\u00bb.vc_custom_1518073681020{padding-top: 50px !important;padding-bottom: 50px !important;}\u00a0\u00bb][vc_empty_space height=\u00a0\u00bb20px\u00a0\u00bb el_class=\u00a0\u00bbempty-space-lg-max\u00a0\u00bb][pbr_title_heading title=\u00a0\u00bbFiltration et mise en bouteille \u00e0 la propri\u00e9t\u00e9 depuis 1976&Prime; alignment=\u00a0\u00bbtext-left\u00a0\u00bb][pbr_title_heading title=\u00a0\u00bb\u00a0\u00bb subtitle=\u00a0\u00bbPr\u00e8s de &hellip; <a href=\"https:\/\/embouteillage-dumas.fr\/\" class=\"more-link\">Continue reading <span class=\"screen-reader-text\">Accueil<\/span><span class=\"meta-nav\">&rarr;<\/span><\/a><\/p>\n","protected":false},"author":1,"featured_media":0,"parent":0,"menu_order":0,"comment_status":"closed","ping_status":"closed","template":"","meta":[],"_links":{"self":[{"href":"https:\/\/embouteillage-dumas.fr\/index.php\/wp-json\/wp\/v2\/pages\/8208"}],"collection":[{"href":"https:\/\/embouteillage-dumas.fr\/index.php\/wp-json\/wp\/v2\/pages"}],"about":[{"href":"https:\/\/embouteillage-dumas.fr\/index.php\/wp-json\/wp\/v2\/types\/page"}],"author":[{"embeddable":true,"href":"https:\/\/embouteillage-dumas.fr\/index.php\/wp-json\/wp\/v2\/users\/1"}],"replies":[{"embeddable":true,"href":"https:\/\/embouteillage-dumas.fr\/index.php\/wp-json\/wp\/v2\/comments?post=8208"}],"version-history":[{"count":136,"href":"https:\/\/embouteillage-dumas.fr\/index.php\/wp-json\/wp\/v2\/pages\/8208\/revisions"}],"predecessor-version":[{"id":9597,"href":"https:\/\/embouteillage-dumas.fr\/index.php\/wp-json\/wp\/v2\/pages\/8208\/revisions\/9597"}],"wp:attachment":[{"href":"https:\/\/embouteillage-dumas.fr\/index.php\/wp-json\/wp\/v2\/media?parent=8208"}],"curies":[{"name":"wp","href":"https:\/\/api.w.org\/{rel}","templated":true}]}}